{"id":2,"date":"2023-07-20T14:38:19","date_gmt":"2023-07-20T12:38:19","guid":{"rendered":"http:\/\/villacasasuarina.fr\/?page_id=2"},"modified":"2024-03-27T10:21:28","modified_gmt":"2024-03-27T09:21:28","slug":"villa-casa-suarina","status":"publish","type":"page","link":"https:\/\/villacasasuarina.fr\/","title":{"rendered":"Villa Casa Suarina"},"content":{"rendered":"\n<p>Bienvenue \u00e0 la Villa Casa Suarina. Situ\u00e9e sur les hauteurs de Porto-Vecchio, la Villa Casa Suarina b\u00e9n\u00e9ficie d&#8217;un emplacement id\u00e9al avec une magnifique vue sur la mer. Parfaitement \u00e9quip\u00e9e, la Villa Casa Suarina de 220m2 peut accueillir jusqu&#8217;\u00e0 6-8 personnes. Les 3 chambres sont \u00e9quip\u00e9es d&#8217;une salle de bain privative. Vous pourrez vous d\u00e9tendre autour de la piscine chauff\u00e9e et la terrasse de 200m2. <\/p>\n\n\n<div class=\"wp-block-image\">\n<figure class=\"alignleft size-full is-resized\"><img loading=\"lazy\" decoding=\"async\" width=\"50\" height=\"50\" src=\"https:\/\/villacasasuarina.fr\/wp-content\/uploads\/2023\/09\/icons8-famille-homme-femme-50.png\" alt=\"\" class=\"wp-image-176\" style=\"width:51px;height:51px\"\/><figcaption class=\"wp-element-caption\">6\/8 personnes<\/figcaption><\/figure>\n<\/div>\n\n<div class=\"wp-block-image\">\n<figure class=\"alignleft size-full is-resized\"><img loading=\"lazy\" decoding=\"async\" width=\"64\" height=\"64\" src=\"https:\/\/villacasasuarina.fr\/wp-content\/uploads\/2023\/09\/icons8-chambre-64-1.png\" alt=\"\" class=\"wp-image-173\" style=\"width:51px;height:51px\"\/><figcaption class=\"wp-element-caption\">3 chambres <\/figcaption><\/figure>\n<\/div>\n\n<div class=\"wp-block-image\">\n<figure class=\"alignleft size-full is-resized\"><img loading=\"lazy\" decoding=\"async\" width=\"62\" height=\"62\" src=\"https:\/\/villacasasuarina.fr\/wp-content\/uploads\/2023\/09\/icons8-salle-de-bains-62.png\" alt=\"\" class=\"wp-image-178\" style=\"width:51px;height:51px\"\/><figcaption class=\"wp-element-caption\">3 Salles de bains privatives<\/figcaption><\/figure>\n<\/div>\n\n<div class=\"wp-block-image\">\n<figure class=\"alignleft size-full is-resized\"><img loading=\"lazy\" decoding=\"async\" width=\"48\" height=\"48\" src=\"https:\/\/villacasasuarina.fr\/wp-content\/uploads\/2023\/09\/icons8-lit-double-48.png\" alt=\"\" class=\"wp-image-174\" style=\"width:51px;height:51px\"\/><figcaption class=\"wp-element-caption\">3 Lits King-size 200*200<\/figcaption><\/figure>\n<\/div>\n\n<div class=\"wp-block-image\">\n<figure class=\"alignleft size-full is-resized\"><img loading=\"lazy\" decoding=\"async\" width=\"32\" height=\"32\" src=\"https:\/\/villacasasuarina.fr\/wp-content\/uploads\/2023\/09\/icons8-canape-32.png\" alt=\"\" class=\"wp-image-175\" style=\"width:51px;height:51px\"\/><figcaption class=\"wp-element-caption\">2 canap\u00e9-lit<\/figcaption><\/figure>\n<\/div>\n\n<div class=\"wp-block-image\">\n<figure class=\"alignleft size-large is-resized\"><img loading=\"lazy\" decoding=\"async\" width=\"64\" height=\"64\" src=\"https:\/\/villacasasuarina.fr\/wp-content\/uploads\/2023\/09\/icons8-piscine-64.png\" alt=\"\" class=\"wp-image-184\" style=\"width:50px;height:50px\"\/><figcaption class=\"wp-element-caption\">Piscine chauff\u00e9e<\/figcaption><\/figure>\n<\/div>\n\n<div class=\"wp-block-image\">\n<figure class=\"alignleft size-full is-resized\"><img loading=\"lazy\" decoding=\"async\" width=\"50\" height=\"50\" src=\"https:\/\/villacasasuarina.fr\/wp-content\/uploads\/2023\/09\/icons8-jardin-50.png\" alt=\"\" class=\"wp-image-185\" style=\"width:52px;height:52px\"\/><figcaption class=\"wp-element-caption\">Ext\u00e9rieur 2000m2<\/figcaption><\/figure>\n<\/div>\n\n<div class=\"wp-block-image\">\n<figure class=\"alignleft size-full is-resized\"><img loading=\"lazy\" decoding=\"async\" width=\"80\" height=\"80\" src=\"https:\/\/villacasasuarina.fr\/wp-content\/uploads\/2023\/09\/icons8-parking-80.png\" alt=\"\" class=\"wp-image-186\" style=\"width:52px;height:52px\"\/><figcaption class=\"wp-element-caption\">Parking priv\u00e9<\/figcaption><\/figure>\n<\/div>\n\n\n<p><\/p>\n\n\n\n<p><\/p>\n\n\n\n<h3 class=\"wp-block-heading has-text-align-left\"><strong>Photos essentielles :<\/strong><\/h3>\n\n\n\n<figure class=\"wp-block-gallery has-nested-images columns-default is-cropped wp-block-gallery-1 is-layout-flex wp-block-gallery-is-layout-flex\">\n<figure class=\"wp-block-image size-large\"><img loading=\"lazy\" decoding=\"async\" width=\"1024\" height=\"768\" data-id=\"298\" src=\"https:\/\/villacasasuarina.fr\/wp-content\/uploads\/2024\/01\/IMG-4101-1024x768.jpg\" alt=\"\" class=\"wp-image-298\" srcset=\"https:\/\/villacasasuarina.fr\/wp-content\/uploads\/2024\/01\/IMG-4101-1024x768.jpg 1024w, https:\/\/villacasasuarina.fr\/wp-content\/uploads\/2024\/01\/IMG-4101-300x225.jpg 300w, https:\/\/villacasasuarina.fr\/wp-content\/uploads\/2024\/01\/IMG-4101-768x576.jpg 768w, https:\/\/villacasasuarina.fr\/wp-content\/uploads\/2024\/01\/IMG-4101-1536x1152.jpg 1536w, https:\/\/villacasasuarina.fr\/wp-content\/uploads\/2024\/01\/IMG-4101-2048x1536.jpg 2048w\" sizes=\"auto, (max-width: 706px) 89vw, (max-width: 767px) 82vw, 740px\" \/><\/figure>\n<\/figure>\n\n\n\n<figure class=\"wp-block-gallery has-nested-images columns-default is-cropped wp-block-gallery-2 is-layout-flex wp-block-gallery-is-layout-flex\">\n<figure class=\"wp-block-image size-large\"><img loading=\"lazy\" decoding=\"async\" width=\"1024\" height=\"768\" data-id=\"39\" src=\"https:\/\/villacasasuarina.fr\/wp-content\/uploads\/2023\/07\/IMG_3293-1024x768.jpg\" alt=\"\" class=\"wp-image-39\" srcset=\"https:\/\/villacasasuarina.fr\/wp-content\/uploads\/2023\/07\/IMG_3293-1024x768.jpg 1024w, https:\/\/villacasasuarina.fr\/wp-content\/uploads\/2023\/07\/IMG_3293-300x225.jpg 300w, https:\/\/villacasasuarina.fr\/wp-content\/uploads\/2023\/07\/IMG_3293-768x576.jpg 768w, https:\/\/villacasasuarina.fr\/wp-content\/uploads\/2023\/07\/IMG_3293-1536x1152.jpg 1536w, https:\/\/villacasasuarina.fr\/wp-content\/uploads\/2023\/07\/IMG_3293-2048x1536.jpg 2048w\" sizes=\"auto, (max-width: 706px) 89vw, (max-width: 767px) 82vw, 740px\" \/><\/figure>\n\n\n\n<figure class=\"wp-block-image size-large\"><img loading=\"lazy\" decoding=\"async\" width=\"1024\" height=\"768\" data-id=\"36\" src=\"https:\/\/villacasasuarina.fr\/wp-content\/uploads\/2023\/07\/IMG_3289-1024x768.jpg\" alt=\"\" class=\"wp-image-36\" srcset=\"https:\/\/villacasasuarina.fr\/wp-content\/uploads\/2023\/07\/IMG_3289-1024x768.jpg 1024w, https:\/\/villacasasuarina.fr\/wp-content\/uploads\/2023\/07\/IMG_3289-300x225.jpg 300w, https:\/\/villacasasuarina.fr\/wp-content\/uploads\/2023\/07\/IMG_3289-768x576.jpg 768w, https:\/\/villacasasuarina.fr\/wp-content\/uploads\/2023\/07\/IMG_3289-1536x1152.jpg 1536w, https:\/\/villacasasuarina.fr\/wp-content\/uploads\/2023\/07\/IMG_3289-2048x1536.jpg 2048w\" sizes=\"auto, (max-width: 706px) 89vw, (max-width: 767px) 82vw, 740px\" \/><\/figure>\n<\/figure>\n\n\n\n<div class=\"wp-block-buttons is-content-justification-center is-layout-flex wp-container-core-buttons-is-layout-16018d1d wp-block-buttons-is-layout-flex\">\n<div class=\"wp-block-button is-style-outline is-style-outline--3\"><a class=\"wp-block-button__link wp-element-button\" href=\"https:\/\/villacasasuarina.fr\/index.php\/toutes-les-photos\/\">Voir toutes les photos<\/a><\/div>\n<\/div>\n\n\n\n<h3 class=\"wp-block-heading\"><strong>Principaux \u00e9quipements :<\/strong><\/h3>\n\n\n\n<ul class=\"wp-block-list\">\n<li>Piscine Chauff\u00e9e de avril \u00e0 octobre<\/li>\n\n\n\n<li>Terrasse de 200m2<\/li>\n\n\n\n<li>Climatisation<\/li>\n\n\n\n<li>Vue sur mer<\/li>\n\n\n\n<li>Jardin 2000m2<\/li>\n<\/ul>\n\n\n\n<div class=\"wp-block-buttons is-content-justification-center is-layout-flex wp-container-core-buttons-is-layout-16018d1d wp-block-buttons-is-layout-flex\">\n<div class=\"wp-block-button is-style-outline is-style-outline--4\"><a class=\"wp-block-button__link wp-element-button\" href=\"https:\/\/villacasasuarina.fr\/index.php\/equipements\/\">Voir tous les \u00e9quipements<\/a><\/div>\n<\/div>\n\n\n\n<p><\/p>\n\n\n\n<h3 class=\"wp-block-heading\"><strong>Emplacement :<\/strong><\/h3>\n\n\n\n<iframe src=\"https:\/\/www.google.com\/maps\/embed?pb=!1m18!1m12!1m3!1d2982.2366383461895!2d9.283301!3d41.629016199999995!2m3!1f0!2f0!3f0!3m2!1i1024!2i768!4f13.1!3m3!1m2!1s0x12d985005f9917c1%3A0x7e96d42ea882bdd0!2sVilla%20Casa%20Suarina!5e0!3m2!1sfr!2sfr!4v1706124481800!5m2!1sfr!2sfr\" width=\"600\" height=\"450\" style=\"border:0;\" allowfullscreen=\"\" loading=\"lazy\" referrerpolicy=\"no-referrer-when-downgrade\"><\/iframe>\n\n\n\n<h3 class=\"wp-block-heading\"><strong>A proximit\u00e9 : <\/strong><\/h3>\n\n\n\n<p>La villa casa suarina est tr\u00e8s bien situ\u00e9e dans un hameau tr\u00e8s calme avec vue sur la mer de toute part, proche des plus belles plages de Corse, telles que les plages de Cala Rossa, Santa Guilia, Palombaggia, San Ciprianu et Pinarello, la premi\u00e8re \u00e0 moins de 4 minutes.<\/p>\n\n\n\n<p>A 500m du premier centre commercial. Randonn\u00e9es, commerces, restaurants, cours de tennis et squash \u00e0 proximit\u00e9.<\/p>\n\n\n\n<p>A 5 minutes du centre ville de Porto Vecchio, de la rivi\u00e8re naturelle de l&#8217;Osu, centre nautique de saint Cyprien (ski, wakeboard, voile, optimist, paddle),<\/p>\n\n\n\n<p>A 15 minutes de la rivi\u00e8re du Cavu avec ses nombreuses piscines naturelles permettant la baignade.<\/p>\n\n\n\n<p>A 20 min de l&#8217;a\u00e9roport Sud Corse Figari, de l&#8217;accrobranche et de la rivi\u00e8re \u00e0 Taglio Rossu.<\/p>\n\n\n\n<p>A 30 minutes du lac de l&#8217;Op\u00e9dale, en pleine montagne.<\/p>\n\n\n\n<p><a href=\"https:\/\/villacasasuarina.fr\/index.php\/location-de-bateau\/\" data-type=\"page\" data-id=\"255\">POSSIBILIT\u00c9 DE LOCATION D&#8217;UN BATEAU SEMI-RIGIDE \u00c0 5MN<\/a> : <a href=\"https:\/\/villacasasuarina.fr\/index.php\/location-de-bateau\/\" data-type=\"page\" data-id=\"255\">CLIQUER ICI<\/a><\/p>\n\n\n\n<div class=\"wp-block-buttons is-content-justification-center is-layout-flex wp-container-core-buttons-is-layout-28206b41 wp-block-buttons-is-layout-flex\">\n<div class=\"wp-block-button is-style-outline is-style-outline--5\"><a class=\"wp-block-button__link wp-element-button\" href=\"https:\/\/villacasasuarina.fr\/index.php\/presentation-de-la-ville-de-porto-vecchio-et-de-ses-environs\/\">Voir toutes les activit\u00e9s <\/a><\/div>\n<\/div>\n\n\n\n<h3 class=\"wp-block-heading\"><strong>Informations compl\u00e9mentaires : <\/strong><\/h3>\n\n\n\n<ul class=\"wp-block-list\">\n<li>Location uniquement du samedi au samedi <\/li>\n\n\n\n<li>Age minimum du locataire : 20 ans<\/li>\n<\/ul>\n\n\n<div class=\"wp-block-image\">\n<figure class=\"alignleft size-full\"><img loading=\"lazy\" decoding=\"async\" width=\"64\" height=\"64\" src=\"https:\/\/villacasasuarina.fr\/wp-content\/uploads\/2023\/09\/icons8-calendrier-64.png\" alt=\"\" class=\"wp-image-239\"\/><figcaption class=\"wp-element-caption\"> Check in 17.00<\/figcaption><\/figure>\n<\/div>\n\n<div class=\"wp-block-image\">\n<figure class=\"alignleft size-full\"><img loading=\"lazy\" decoding=\"async\" width=\"64\" height=\"64\" src=\"https:\/\/villacasasuarina.fr\/wp-content\/uploads\/2023\/09\/icons8-calendrier-64-1.png\" alt=\"\" class=\"wp-image-240\"\/><figcaption class=\"wp-element-caption\">Check out 10.00<\/figcaption><\/figure>\n<\/div>\n\n\n<p><\/p>\n\n\n\n<p><\/p>\n\n\n\n<p><\/p>\n\n\n\n<h3 class=\"wp-block-heading\"><strong>R\u00e9servation :<\/strong><\/h3>\n\n\n\n<p>La r\u00e9servation se fait en nous contactant directement via ce site internet ou via Abritel en cliquant sur le lien suivant :<\/p>\n\n\n\n<p><a href=\"https:\/\/www.abritel.fr\/location-vacances\/p10811343a?uni_id=5841822\">https:\/\/www.abritel.fr\/location-vacances\/p10811343a?uni_id=5841822<\/a><\/p>\n\n\n\n<div class=\"wp-block-media-text is-stacked-on-mobile\" style=\"grid-template-columns:20% auto\"><figure class=\"wp-block-media-text__media\"><img loading=\"lazy\" decoding=\"async\" width=\"1024\" height=\"1024\" src=\"https:\/\/villacasasuarina.fr\/wp-content\/uploads\/2024\/03\/panel-4481756_1280-1024x1024.webp\" alt=\"\" class=\"wp-image-341 size-full\" srcset=\"https:\/\/villacasasuarina.fr\/wp-content\/uploads\/2024\/03\/panel-4481756_1280-1024x1024.webp 1024w, https:\/\/villacasasuarina.fr\/wp-content\/uploads\/2024\/03\/panel-4481756_1280-300x300.webp 300w, https:\/\/villacasasuarina.fr\/wp-content\/uploads\/2024\/03\/panel-4481756_1280-150x150.webp 150w, https:\/\/villacasasuarina.fr\/wp-content\/uploads\/2024\/03\/panel-4481756_1280-768x768.webp 768w, https:\/\/villacasasuarina.fr\/wp-content\/uploads\/2024\/03\/panel-4481756_1280-100x100.webp 100w, https:\/\/villacasasuarina.fr\/wp-content\/uploads\/2024\/03\/panel-4481756_1280.webp 1280w\" sizes=\"auto, (max-width: 706px) 89vw, (max-width: 767px) 82vw, 740px\" \/><\/figure><div class=\"wp-block-media-text__content\">\n<p><strong><mark style=\"background-color:rgba(0, 0, 0, 0)\" class=\"has-inline-color has-vivid-red-color\">Attention aux fraudes sur Facebook<\/mark><\/strong><\/p>\n<\/div><\/div>\n\n\n\n<p>Voici le calendrier des disponibilit\u00e9s :<\/p>\n\n\n\n<iframe loading=\"lazy\" src=\"https:\/\/calendar.google.com\/calendar\/embed?height=600&#038;wkst=2&#038;bgcolor=%23ffffff&#038;ctz=Europe%2FParis&#038;showPrint=0&#038;showTabs=0&#038;showCalendars=0&#038;title=Calendrier%20des%20disponibilit%C3%A9s&#038;src=ZjFubmN1NnA0Nm1ra2N0dGM3aGl1OWo0c3U3MGZlOWdAaW1wb3J0LmNhbGVuZGFyLmdvb2dsZS5jb20&#038;color=%23616161\" style=\"border-width:0\" width=\"800\" height=\"600\" frameborder=\"0\" scrolling=\"no\"><\/iframe>\n\n\n\n<h3 class=\"wp-block-heading\"><strong>Contact : <\/strong><a href=\"mailto:contact@villacasasuarina.fr\">contact@villacasasuarina.fr<\/a><\/h3>\n\n\n<div class=\"wp-block-image\">\n<figure class=\"alignleft size-full is-resized\"><img loading=\"lazy\" decoding=\"async\" width=\"512\" height=\"512\" src=\"https:\/\/villacasasuarina.fr\/wp-content\/uploads\/2024\/01\/telephone-call_3059502.png\" alt=\"\" class=\"wp-image-336\" style=\"width:35px;height:auto\" srcset=\"https:\/\/villacasasuarina.fr\/wp-content\/uploads\/2024\/01\/telephone-call_3059502.png 512w, https:\/\/villacasasuarina.fr\/wp-content\/uploads\/2024\/01\/telephone-call_3059502-300x300.png 300w, https:\/\/villacasasuarina.fr\/wp-content\/uploads\/2024\/01\/telephone-call_3059502-150x150.png 150w, https:\/\/villacasasuarina.fr\/wp-content\/uploads\/2024\/01\/telephone-call_3059502-100x100.png 100w\" sizes=\"auto, (max-width: 512px) 100vw, 512px\" \/><\/figure>\n<\/div>\n\n\n<p>06 07 77 48 46<\/p>\n","protected":false},"excerpt":{"rendered":"<p>Bienvenue \u00e0 la Villa Casa Suarina. Situ\u00e9e sur les hauteurs de Porto-Vecchio, la Villa Casa Suarina b\u00e9n\u00e9ficie d&#8217;un emplacement id\u00e9al avec une magnifique vue sur la mer. Parfaitement \u00e9quip\u00e9e, la Villa Casa Suarina de 220m2 peut accueillir jusqu&#8217;\u00e0 6-8 personnes. Les 3 chambres sont \u00e9quip\u00e9es d&#8217;une salle de bain privative. Vous pourrez vous d\u00e9tendre autour &hellip; <\/p>\n<p class=\"link-more\"><a href=\"https:\/\/villacasasuarina.fr\/\" class=\"more-link\">Continue reading<span class=\"screen-reader-text\"> &#8220;Villa Casa Suarina&#8221;<\/span><\/a><\/p>\n","protected":false},"author":1,"featured_media":37,"parent":0,"menu_order":0,"comment_status":"closed","ping_status":"closed","template":"","meta":{"footnotes":""},"class_list":["post-2","page","type-page","status-publish","has-post-thumbnail","hentry"],"_links":{"self":[{"href":"https:\/\/villacasasuarina.fr\/index.php\/wp-json\/wp\/v2\/pages\/2","targetHints":{"allow":["GET"]}}],"collection":[{"href":"https:\/\/villacasasuarina.fr\/index.php\/wp-json\/wp\/v2\/pages"}],"about":[{"href":"https:\/\/villacasasuarina.fr\/index.php\/wp-json\/wp\/v2\/types\/page"}],"author":[{"embeddable":true,"href":"https:\/\/villacasasuarina.fr\/index.php\/wp-json\/wp\/v2\/users\/1"}],"replies":[{"embeddable":true,"href":"https:\/\/villacasasuarina.fr\/index.php\/wp-json\/wp\/v2\/comments?post=2"}],"version-history":[{"count":56,"href":"https:\/\/villacasasuarina.fr\/index.php\/wp-json\/wp\/v2\/pages\/2\/revisions"}],"predecessor-version":[{"id":342,"href":"https:\/\/villacasasuarina.fr\/index.php\/wp-json\/wp\/v2\/pages\/2\/revisions\/342"}],"wp:featuredmedia":[{"embeddable":true,"href":"https:\/\/villacasasuarina.fr\/index.php\/wp-json\/wp\/v2\/media\/37"}],"wp:attachment":[{"href":"https:\/\/villacasasuarina.fr\/index.php\/wp-json\/wp\/v2\/media?parent=2"}],"curies":[{"name":"wp","href":"https:\/\/api.w.org\/{rel}","templated":true}]}}